{"id":8,"date":"2024-11-14T19:32:08","date_gmt":"2024-11-14T16:32:08","guid":{"rendered":"http:\/\/gurpanahsap.com\/?page_id=8"},"modified":"2024-11-21T15:19:35","modified_gmt":"2024-11-21T12:19:35","slug":"ana-sayfa","status":"publish","type":"page","link":"https:\/\/gurpanahsap.com\/","title":{"rendered":"Ana Sayfa"},"content":{"rendered":"\n<div class=\"slider-wrapper relative\" id=\"slider-1175682215\" >\n    <div class=\"slider slider-nav-circle slider-nav-large slider-nav-light slider-style-normal\"\n        data-flickity-options='{\n            \"cellAlign\": \"center\",\n            \"imagesLoaded\": true,\n            \"lazyLoad\": 1,\n            \"freeScroll\": false,\n            \"wrapAround\": true,\n            \"autoPlay\": 6000,\n            \"pauseAutoPlayOnHover\" : true,\n            \"prevNextButtons\": true,\n            \"contain\" : true,\n            \"adaptiveHeight\" : true,\n            \"dragThreshold\" : 10,\n            \"percentPosition\": true,\n            \"pageDots\": true,\n            \"rightToLeft\": false,\n            \"draggable\": true,\n            \"selectedAttraction\": 0.1,\n            \"parallax\" : 0,\n            \"friction\": 0.6        }'\n        >\n        \n\n\n  <div class=\"banner has-hover\" id=\"banner-208230745\">\n          <div class=\"banner-inner fill\">\n        <div class=\"banner-bg fill\" >\n            <div class=\"bg fill bg-fill \"><\/div>\n                                    \n                    <\/div>\n\t\t\n        <div class=\"banner-layers container\">\n            <div class=\"fill banner-link\"><\/div>            \n\n\n        <\/div>\n      <\/div>\n\n            \n<style>\n#banner-208230745 {\n  padding-top: 500px;\n}\n#banner-208230745 .bg.bg-loaded {\n  background-image: url(https:\/\/gurpanahsap.com\/wp-content\/uploads\/2024\/11\/1727802572690-1024x768.jpg);\n}\n#banner-208230745 .ux-shape-divider--top svg {\n  height: 150px;\n  --divider-top-width: 100%;\n}\n#banner-208230745 .ux-shape-divider--bottom svg {\n  height: 150px;\n  --divider-width: 100%;\n}\n<\/style>\n  <\/div>\n\n\n\n  <div class=\"banner has-hover\" id=\"banner-1608778494\">\n          <div class=\"banner-inner fill\">\n        <div class=\"banner-bg fill\" >\n            <div class=\"bg fill bg-fill \"><\/div>\n                                    \n                    <\/div>\n\t\t\n        <div class=\"banner-layers container\">\n            <div class=\"fill banner-link\"><\/div>            \n\n\n        <\/div>\n      <\/div>\n\n            \n<style>\n#banner-1608778494 {\n  padding-top: 500px;\n}\n#banner-1608778494 .bg.bg-loaded {\n  background-image: url(https:\/\/gurpanahsap.com\/wp-content\/uploads\/2024\/11\/WhatsApp-Image-2024-10-01-at-20.37.30-2-1024x768.jpeg);\n}\n#banner-1608778494 .bg {\n  background-position: 36% 30%;\n}\n#banner-1608778494 .ux-shape-divider--top svg {\n  height: 150px;\n  --divider-top-width: 100%;\n}\n#banner-1608778494 .ux-shape-divider--bottom svg {\n  height: 150px;\n  --divider-width: 100%;\n}\n<\/style>\n  <\/div>\n\n\n\n  <div class=\"banner has-hover\" id=\"banner-636127534\">\n          <div class=\"banner-inner fill\">\n        <div class=\"banner-bg fill\" >\n            <div class=\"bg fill bg-fill \"><\/div>\n                                    \n                    <\/div>\n\t\t\n        <div class=\"banner-layers container\">\n            <div class=\"fill banner-link\"><\/div>            \n\n\n        <\/div>\n      <\/div>\n\n            \n<style>\n#banner-636127534 {\n  padding-top: 500px;\n}\n#banner-636127534 .bg.bg-loaded {\n  background-image: url(https:\/\/gurpanahsap.com\/wp-content\/uploads\/2024\/11\/WhatsApp-Image-2024-10-01-at-22.57.47-1024x576.jpeg);\n}\n#banner-636127534 .ux-shape-divider--top svg {\n  height: 150px;\n  --divider-top-width: 100%;\n}\n#banner-636127534 .ux-shape-divider--bottom svg {\n  height: 150px;\n  --divider-width: 100%;\n}\n<\/style>\n  <\/div>\n\n\n\n  <div class=\"banner has-hover\" id=\"banner-2129456622\">\n          <div class=\"banner-inner fill\">\n        <div class=\"banner-bg fill\" >\n            <div class=\"bg fill bg-fill \"><\/div>\n                                    \n                    <\/div>\n\t\t\n        <div class=\"banner-layers container\">\n            <div class=\"fill banner-link\"><\/div>            \n\n\n        <\/div>\n      <\/div>\n\n            \n<style>\n#banner-2129456622 {\n  padding-top: 500px;\n}\n#banner-2129456622 .bg.bg-loaded {\n  background-image: url(https:\/\/gurpanahsap.com\/wp-content\/uploads\/2024\/11\/WhatsApp-Image-2024-10-01-at-22.51.40-1024x760.jpeg);\n}\n#banner-2129456622 .ux-shape-divider--top svg {\n  height: 150px;\n  --divider-top-width: 100%;\n}\n#banner-2129456622 .ux-shape-divider--bottom svg {\n  height: 150px;\n  --divider-width: 100%;\n}\n<\/style>\n  <\/div>\n\n\n\n  <div class=\"banner has-hover\" id=\"banner-1727423493\">\n          <div class=\"banner-inner fill\">\n        <div class=\"banner-bg fill\" >\n            <div class=\"bg fill bg-fill \"><\/div>\n                                    \n                    <\/div>\n\t\t\n        <div class=\"banner-layers container\">\n            <div class=\"fill banner-link\"><\/div>            \n\n\n        <\/div>\n      <\/div>\n\n            \n<style>\n#banner-1727423493 {\n  padding-top: 500px;\n}\n#banner-1727423493 .bg.bg-loaded {\n  background-image: url(https:\/\/gurpanahsap.com\/wp-content\/uploads\/2024\/11\/1727802574291-1024x576.jpg);\n}\n#banner-1727423493 .ux-shape-divider--top svg {\n  height: 150px;\n  --divider-top-width: 100%;\n}\n#banner-1727423493 .ux-shape-divider--bottom svg {\n  height: 150px;\n  --divider-width: 100%;\n}\n<\/style>\n  <\/div>\n\n\n\n  <div class=\"banner has-hover\" id=\"banner-322963863\">\n          <div class=\"banner-inner fill\">\n        <div class=\"banner-bg fill\" >\n            <div class=\"bg fill bg-fill \"><\/div>\n                                    \n                    <\/div>\n\t\t\n        <div class=\"banner-layers container\">\n            <div class=\"fill banner-link\"><\/div>            \n\n\n        <\/div>\n      <\/div>\n\n            \n<style>\n#banner-322963863 {\n  padding-top: 500px;\n}\n#banner-322963863 .bg.bg-loaded {\n  background-image: url(https:\/\/gurpanahsap.com\/wp-content\/uploads\/2024\/11\/WhatsApp-Image-2024-10-01-at-20.52.01-2-1024x575.jpeg);\n}\n#banner-322963863 .bg {\n  background-position: 49% 74%;\n}\n#banner-322963863 .ux-shape-divider--top svg {\n  height: 150px;\n  --divider-top-width: 100%;\n}\n#banner-322963863 .ux-shape-divider--bottom svg {\n  height: 150px;\n  --divider-width: 100%;\n}\n<\/style>\n  <\/div>\n\n\n\n     <\/div>\n\n     <div class=\"loading-spin dark large centered\"><\/div>\n\n     \t<\/div>\n\n\n\t<div id=\"gap-1009876161\" class=\"gap-element clearfix\" style=\"display:block; height:auto;\">\n\t\t\n<style>\n#gap-1009876161 {\n  padding-top: 10px;\n}\n<\/style>\n\t<\/div>\n\t\n\n<h1 style=\"text-align: center;\">B\u0130Z K\u0130M\u0130Z<\/h1>\n<p>Firmamiz baski tecrubesini musterilerinden gelen talepler ve gelisen teknoloji ile UV ve LED baski ve High Gloss Kaplama teknikleri ile gelistirerek 2014 yilinda bu kulvara giris yapmistir. Yaptgi ciddi yatirimlar ile 4000 m2 kapali alan 2000 m2 acik alanda hizmete girmistir.<\/p>\n<p>Mobilya, kapi, dekorasyon gibi bircok buyuk sektorde ciddi firmalara uretim yapmaktadir.<\/p>\n<p>Mustreri odakli, hizli ve kaliteli uretimi prensip edinmis firmamiz gerek yurtici gerekce ihracat yaparak bu konudaki kalitesini kanitlamis olmanin gururunu yasamaktadir<\/p>\n\t<div id=\"gap-356823588\" class=\"gap-element clearfix\" style=\"display:block; height:auto;\">\n\t\t\n<style>\n#gap-356823588 {\n  padding-top: 10px;\n}\n<\/style>\n\t<\/div>\n\t\n\n<div class=\"row\"  id=\"row-1671600883\">\n\n\n\t<div id=\"col-1675911992\" class=\"col medium-4 small-12 large-4\"  >\n\t\t\t\t<div class=\"col-inner\"  >\n\t\t\t\n\t\t\t\n\n\t<div class=\"img has-hover x md-x lg-x y md-y lg-y\" id=\"image_1573875508\">\n\t\t\t\t\t\t\t\t<div class=\"img-inner dark\" >\n\t\t\t<img loading=\"lazy\" decoding=\"async\" width=\"1020\" height=\"765\" src=\"https:\/\/gurpanahsap.com\/wp-content\/uploads\/2024\/11\/WhatsApp-Image-2024-10-01-at-20.38.05-1024x768.jpeg\" class=\"attachment-large size-large\" alt=\"\" srcset=\"https:\/\/gurpanahsap.com\/wp-content\/uploads\/2024\/11\/WhatsApp-Image-2024-10-01-at-20.38.05-1024x768.jpeg 1024w, https:\/\/gurpanahsap.com\/wp-content\/uploads\/2024\/11\/WhatsApp-Image-2024-10-01-at-20.38.05-300x225.jpeg 300w, https:\/\/gurpanahsap.com\/wp-content\/uploads\/2024\/11\/WhatsApp-Image-2024-10-01-at-20.38.05-768x576.jpeg 768w, https:\/\/gurpanahsap.com\/wp-content\/uploads\/2024\/11\/WhatsApp-Image-2024-10-01-at-20.38.05.jpeg 1080w\" sizes=\"auto, (max-width: 1020px) 100vw, 1020px\" \/>\t\t\t\t\t\t\n\t\t\t\t\t<\/div>\n\t\t\t\t\t\t\t\t\n<style>\n#image_1573875508 {\n  width: 100%;\n}\n<\/style>\n\t<\/div>\n\t\n\n\n\t\t<\/div>\n\t\t\t\t\t<\/div>\n\n\t\n\n\t<div id=\"col-58494272\" class=\"col medium-4 small-12 large-4\"  >\n\t\t\t\t<div class=\"col-inner\"  >\n\t\t\t\n\t\t\t\n\n\t<div class=\"img has-hover x md-x lg-x y md-y lg-y\" id=\"image_1110782430\">\n\t\t\t\t\t\t\t\t<div class=\"img-inner dark\" >\n\t\t\t<img loading=\"lazy\" decoding=\"async\" width=\"1020\" height=\"765\" src=\"https:\/\/gurpanahsap.com\/wp-content\/uploads\/2024\/11\/1727802262062-1024x768.jpg\" class=\"attachment-large size-large\" alt=\"\" srcset=\"https:\/\/gurpanahsap.com\/wp-content\/uploads\/2024\/11\/1727802262062-1024x768.jpg 1024w, https:\/\/gurpanahsap.com\/wp-content\/uploads\/2024\/11\/1727802262062-300x225.jpg 300w, https:\/\/gurpanahsap.com\/wp-content\/uploads\/2024\/11\/1727802262062-768x576.jpg 768w, https:\/\/gurpanahsap.com\/wp-content\/uploads\/2024\/11\/1727802262062-1536x1152.jpg 1536w, https:\/\/gurpanahsap.com\/wp-content\/uploads\/2024\/11\/1727802262062-2048x1536.jpg 2048w\" sizes=\"auto, (max-width: 1020px) 100vw, 1020px\" \/>\t\t\t\t\t\t\n\t\t\t\t\t<\/div>\n\t\t\t\t\t\t\t\t\n<style>\n#image_1110782430 {\n  width: 100%;\n}\n<\/style>\n\t<\/div>\n\t\n\n\n\t\t<\/div>\n\t\t\t\t\t<\/div>\n\n\t\n\n\t<div id=\"col-1906029320\" class=\"col medium-4 small-12 large-4\"  >\n\t\t\t\t<div class=\"col-inner\"  >\n\t\t\t\n\t\t\t\n\n\t<div class=\"img has-hover x md-x lg-x y md-y lg-y\" id=\"image_961642458\">\n\t\t\t\t\t\t\t\t<div class=\"img-inner dark\" >\n\t\t\t<img loading=\"lazy\" decoding=\"async\" width=\"1020\" height=\"765\" src=\"https:\/\/gurpanahsap.com\/wp-content\/uploads\/2024\/11\/1727802572690-1024x768.jpg\" class=\"attachment-large size-large\" alt=\"\" srcset=\"https:\/\/gurpanahsap.com\/wp-content\/uploads\/2024\/11\/1727802572690-1024x768.jpg 1024w, https:\/\/gurpanahsap.com\/wp-content\/uploads\/2024\/11\/1727802572690-300x225.jpg 300w, https:\/\/gurpanahsap.com\/wp-content\/uploads\/2024\/11\/1727802572690-768x576.jpg 768w, https:\/\/gurpanahsap.com\/wp-content\/uploads\/2024\/11\/1727802572690-1536x1152.jpg 1536w, https:\/\/gurpanahsap.com\/wp-content\/uploads\/2024\/11\/1727802572690-2048x1536.jpg 2048w\" sizes=\"auto, (max-width: 1020px) 100vw, 1020px\" \/>\t\t\t\t\t\t\n\t\t\t\t\t<\/div>\n\t\t\t\t\t\t\t\t\n<style>\n#image_961642458 {\n  width: 100%;\n}\n<\/style>\n\t<\/div>\n\t\n\n\n\t\t<\/div>\n\t\t\t\t\t<\/div>\n\n\t\n\n<\/div>\n<h3 style=\"text-align: center;\">KATALOGLARIMIZ<\/h3>\n\t<div id=\"gap-1607014799\" class=\"gap-element clearfix\" style=\"display:block; height:auto;\">\n\t\t\n<style>\n#gap-1607014799 {\n  padding-top: 10px;\n}\n<\/style>\n\t<\/div>\n\t\n\n<div class=\"row row-box-shadow-1\"  id=\"row-1701190911\">\n\n\n\t<div id=\"col-460024405\" class=\"col medium-4 small-12 large-4\"  data-animate=\"fadeInUp\">\n\t\t\t\t<div class=\"col-inner\"  >\n\t\t\t\n\t\t\t\n\n\t<div class=\"img has-hover x md-x lg-x y md-y lg-y\" id=\"image_981444538\">\n\t\t<a class=\"\" href=\"http:\/\/gurpanahsap.com\/wp-content\/uploads\/2024\/11\/gureller-asansor-2023.pdf\" target=\"_blank\" rel=\"noopener noreferrer\" >\t\t\t\t\t\t<div class=\"img-inner dark\" >\n\t\t\t<img loading=\"lazy\" decoding=\"async\" width=\"989\" height=\"1024\" src=\"https:\/\/gurpanahsap.com\/wp-content\/uploads\/2024\/11\/WhatsApp-Image-2024-10-01-at-20.39.30-989x1024.jpeg\" class=\"attachment-large size-large\" alt=\"\" srcset=\"https:\/\/gurpanahsap.com\/wp-content\/uploads\/2024\/11\/WhatsApp-Image-2024-10-01-at-20.39.30-989x1024.jpeg 989w, https:\/\/gurpanahsap.com\/wp-content\/uploads\/2024\/11\/WhatsApp-Image-2024-10-01-at-20.39.30-290x300.jpeg 290w, https:\/\/gurpanahsap.com\/wp-content\/uploads\/2024\/11\/WhatsApp-Image-2024-10-01-at-20.39.30-768x795.jpeg 768w, https:\/\/gurpanahsap.com\/wp-content\/uploads\/2024\/11\/WhatsApp-Image-2024-10-01-at-20.39.30.jpeg 1080w\" sizes=\"auto, (max-width: 989px) 100vw, 989px\" \/>\t\t\t\t\t\t\n\t\t\t\t\t<\/div>\n\t\t\t\t\t\t<\/a>\t\t\n<style>\n#image_981444538 {\n  width: 100%;\n}\n<\/style>\n\t<\/div>\n\t\n\n<h4 style=\"text-align: center;\">Asans\u00f6r<\/h4>\n\n\t\t<\/div>\n\t\t\t\t\t<\/div>\n\n\t\n\n\t<div id=\"col-262071736\" class=\"col medium-4 small-12 large-4\"  data-animate=\"fadeInUp\">\n\t\t\t\t<div class=\"col-inner\"  >\n\t\t\t\n\t\t\t\n\n\t<div class=\"img has-hover x md-x lg-x y md-y lg-y\" id=\"image_69464791\">\n\t\t<a class=\"\" href=\"http:\/\/gurpanahsap.com\/wp-content\/uploads\/2024\/11\/cam-katalog.pdf\" target=\"_blank\" rel=\"noopener noreferrer\" >\t\t\t\t\t\t<div class=\"img-inner dark\" >\n\t\t\t<img loading=\"lazy\" decoding=\"async\" width=\"768\" height=\"1024\" src=\"https:\/\/gurpanahsap.com\/wp-content\/uploads\/2024\/11\/WhatsApp-Image-2024-10-01-at-20.52.01-1-768x1024.jpeg\" class=\"attachment-large size-large\" alt=\"\" srcset=\"https:\/\/gurpanahsap.com\/wp-content\/uploads\/2024\/11\/WhatsApp-Image-2024-10-01-at-20.52.01-1-768x1024.jpeg 768w, https:\/\/gurpanahsap.com\/wp-content\/uploads\/2024\/11\/WhatsApp-Image-2024-10-01-at-20.52.01-1-225x300.jpeg 225w, https:\/\/gurpanahsap.com\/wp-content\/uploads\/2024\/11\/WhatsApp-Image-2024-10-01-at-20.52.01-1-1152x1536.jpeg 1152w, https:\/\/gurpanahsap.com\/wp-content\/uploads\/2024\/11\/WhatsApp-Image-2024-10-01-at-20.52.01-1.jpeg 1200w\" sizes=\"auto, (max-width: 768px) 100vw, 768px\" \/>\t\t\t\t\t\t\n\t\t\t\t\t<\/div>\n\t\t\t\t\t\t<\/a>\t\t\n<style>\n#image_69464791 {\n  width: 77%;\n}\n<\/style>\n\t<\/div>\n\t\n\n<h4 style=\"text-align: center;\">Cam Tezgah Aras\u0131<\/h4>\n\n\t\t<\/div>\n\t\t\t\t\t<\/div>\n\n\t\n\n\t<div id=\"col-1236359847\" class=\"col medium-4 small-12 large-4\"  data-animate=\"fadeInUp\">\n\t\t\t\t<div class=\"col-inner\"  >\n\t\t\t\n\t\t\t\n\n\t<div class=\"img has-hover x md-x lg-x y md-y lg-y\" id=\"image_1922408582\">\n\t\t<a class=\"\" href=\"http:\/\/gurpanahsap.com\/wp-content\/uploads\/2024\/11\/zEMIN-GURPAN-2024.pdf\" target=\"_blank\" rel=\"noopener noreferrer\" >\t\t\t\t\t\t<div class=\"img-inner dark\" >\n\t\t\t<img loading=\"lazy\" decoding=\"async\" width=\"800\" height=\"830\" src=\"https:\/\/gurpanahsap.com\/wp-content\/uploads\/2024\/11\/WhatsApp-Image-2024-10-01-at-20.52.01.jpeg\" class=\"attachment-large size-large\" alt=\"\" srcset=\"https:\/\/gurpanahsap.com\/wp-content\/uploads\/2024\/11\/WhatsApp-Image-2024-10-01-at-20.52.01.jpeg 800w, https:\/\/gurpanahsap.com\/wp-content\/uploads\/2024\/11\/WhatsApp-Image-2024-10-01-at-20.52.01-289x300.jpeg 289w, https:\/\/gurpanahsap.com\/wp-content\/uploads\/2024\/11\/WhatsApp-Image-2024-10-01-at-20.52.01-768x797.jpeg 768w\" sizes=\"auto, (max-width: 800px) 100vw, 800px\" \/>\t\t\t\t\t\t\n\t\t\t\t\t<\/div>\n\t\t\t\t\t\t<\/a>\t\t\n<style>\n#image_1922408582 {\n  width: 100%;\n}\n<\/style>\n\t<\/div>\n\t\n\n<h4 style=\"text-align: center;\">Zemin<\/h4>\n\n\t\t<\/div>\n\t\t\t\t\t<\/div>\n\n\t\n\n<\/div>\n<div class=\"row row-box-shadow-1\"  id=\"row-1984364573\">\n\n\n\t<div id=\"col-1670323445\" class=\"col medium-4 small-12 large-4\"  data-animate=\"fadeInUp\">\n\t\t\t\t<div class=\"col-inner\"  >\n\t\t\t\n\t\t\t\n\n\t<div class=\"img has-hover x md-x lg-x y md-y lg-y\" id=\"image_1011587932\">\n\t\t<a class=\"\" href=\"http:\/\/gurpanahsap.com\/wp-content\/uploads\/2024\/11\/gureller-ultralam-2020.pdf\" target=\"_blank\" rel=\"noopener noreferrer\" >\t\t\t\t\t\t<div class=\"img-inner dark\" >\n\t\t\t<img loading=\"lazy\" decoding=\"async\" width=\"768\" height=\"1024\" src=\"https:\/\/gurpanahsap.com\/wp-content\/uploads\/2024\/11\/20180718_114432-768x1024.jpg\" class=\"attachment-large size-large\" alt=\"\" srcset=\"https:\/\/gurpanahsap.com\/wp-content\/uploads\/2024\/11\/20180718_114432-768x1024.jpg 768w, https:\/\/gurpanahsap.com\/wp-content\/uploads\/2024\/11\/20180718_114432-225x300.jpg 225w, https:\/\/gurpanahsap.com\/wp-content\/uploads\/2024\/11\/20180718_114432-1152x1536.jpg 1152w, https:\/\/gurpanahsap.com\/wp-content\/uploads\/2024\/11\/20180718_114432-1536x2048.jpg 1536w, https:\/\/gurpanahsap.com\/wp-content\/uploads\/2024\/11\/20180718_114432-scaled.jpg 1920w\" sizes=\"auto, (max-width: 768px) 100vw, 768px\" \/>\t\t\t\t\t\t\n\t\t\t\t\t<\/div>\n\t\t\t\t\t\t<\/a>\t\t\n<style>\n#image_1011587932 {\n  width: 94%;\n}\n<\/style>\n\t<\/div>\n\t\n\n<h4 style=\"text-align: center;\">Kap\u0131<\/h4>\n\n\t\t<\/div>\n\t\t\t\t\t<\/div>\n\n\t\n\n\t<div id=\"col-489087323\" class=\"col medium-4 small-12 large-4\"  data-animate=\"fadeInUp\">\n\t\t\t\t<div class=\"col-inner\"  >\n\t\t\t\n\t\t\t\n\n\t<div class=\"img has-hover x md-x lg-x y md-y lg-y\" id=\"image_832066394\">\n\t\t<a class=\"\" href=\"http:\/\/gurpanahsap.com\/wp-content\/uploads\/2024\/11\/masa-sehpa-3.pdf\" target=\"_blank\" rel=\"noopener noreferrer\" >\t\t\t\t\t\t<div class=\"img-inner dark\" >\n\t\t\t<img loading=\"lazy\" decoding=\"async\" width=\"768\" height=\"1024\" src=\"https:\/\/gurpanahsap.com\/wp-content\/uploads\/2024\/11\/1727803103721-768x1024.jpg\" class=\"attachment-large size-large\" alt=\"\" srcset=\"https:\/\/gurpanahsap.com\/wp-content\/uploads\/2024\/11\/1727803103721-768x1024.jpg 768w, https:\/\/gurpanahsap.com\/wp-content\/uploads\/2024\/11\/1727803103721-225x300.jpg 225w, https:\/\/gurpanahsap.com\/wp-content\/uploads\/2024\/11\/1727803103721-1152x1536.jpg 1152w, https:\/\/gurpanahsap.com\/wp-content\/uploads\/2024\/11\/1727803103721-1536x2048.jpg 1536w, https:\/\/gurpanahsap.com\/wp-content\/uploads\/2024\/11\/1727803103721-scaled.jpg 1920w\" sizes=\"auto, (max-width: 768px) 100vw, 768px\" \/>\t\t\t\t\t\t\n\t\t\t\t\t<\/div>\n\t\t\t\t\t\t<\/a>\t\t\n<style>\n#image_832066394 {\n  width: 94%;\n}\n<\/style>\n\t<\/div>\n\t\n\n<h4 style=\"text-align: center;\">Masa &#8211; Sehpa<\/h4>\n\n\t\t<\/div>\n\t\t\t\t\t<\/div>\n\n\t\n\n\t<div id=\"col-1907706883\" class=\"col medium-4 small-12 large-4\"  data-animate=\"fadeInUp\">\n\t\t\t\t<div class=\"col-inner\"  >\n\t\t\t\n\t\t\t\n\n\t<div class=\"img has-hover x md-x lg-x y md-y lg-y\" id=\"image_643428107\">\n\t\t<a class=\"\" href=\"http:\/\/gurpanahsap.com\/wp-content\/uploads\/2024\/11\/genel.pdf\" target=\"_blank\" rel=\"noopener noreferrer\" >\t\t\t\t\t\t<div class=\"img-inner dark\" >\n\t\t\t<img loading=\"lazy\" decoding=\"async\" width=\"585\" height=\"731\" src=\"https:\/\/gurpanahsap.com\/wp-content\/uploads\/2024\/11\/WhatsApp-Image-2024-10-01-at-20.58.31.jpeg\" class=\"attachment-large size-large\" alt=\"\" srcset=\"https:\/\/gurpanahsap.com\/wp-content\/uploads\/2024\/11\/WhatsApp-Image-2024-10-01-at-20.58.31.jpeg 585w, https:\/\/gurpanahsap.com\/wp-content\/uploads\/2024\/11\/WhatsApp-Image-2024-10-01-at-20.58.31-240x300.jpeg 240w\" sizes=\"auto, (max-width: 585px) 100vw, 585px\" \/>\t\t\t\t\t\t\n\t\t\t\t\t<\/div>\n\t\t\t\t\t\t<\/a>\t\t\n<style>\n#image_643428107 {\n  width: 100%;\n}\n<\/style>\n\t<\/div>\n\t\n\n<h4 style=\"text-align: center;\">Mobilya<\/h4>\n\n\t\t<\/div>\n\t\t\t\t\t<\/div>\n\n\t\n\n<\/div>\n\n","protected":false},"excerpt":{"rendered":"","protected":false},"author":1,"featured_media":0,"parent":0,"menu_order":0,"comment_status":"closed","ping_status":"closed","template":"","meta":{"footnotes":""},"class_list":["post-8","page","type-page","status-publish","hentry"],"_links":{"self":[{"href":"https:\/\/gurpanahsap.com\/index.php\/wp-json\/wp\/v2\/pages\/8","targetHints":{"allow":["GET"]}}],"collection":[{"href":"https:\/\/gurpanahsap.com\/index.php\/wp-json\/wp\/v2\/pages"}],"about":[{"href":"https:\/\/gurpanahsap.com\/index.php\/wp-json\/wp\/v2\/types\/page"}],"author":[{"embeddable":true,"href":"https:\/\/gurpanahsap.com\/index.php\/wp-json\/wp\/v2\/users\/1"}],"replies":[{"embeddable":true,"href":"https:\/\/gurpanahsap.com\/index.php\/wp-json\/wp\/v2\/comments?post=8"}],"version-history":[{"count":13,"href":"https:\/\/gurpanahsap.com\/index.php\/wp-json\/wp\/v2\/pages\/8\/revisions"}],"predecessor-version":[{"id":304,"href":"https:\/\/gurpanahsap.com\/index.php\/wp-json\/wp\/v2\/pages\/8\/revisions\/304"}],"wp:attachment":[{"href":"https:\/\/gurpanahsap.com\/index.php\/wp-json\/wp\/v2\/media?parent=8"}],"curies":[{"name":"wp","href":"https:\/\/api.w.org\/{rel}","templated":true}]}}