{"id":10,"date":"2024-11-14T19:32:44","date_gmt":"2024-11-14T16:32:44","guid":{"rendered":"http:\/\/gurpanahsap.com\/?page_id=10"},"modified":"2024-11-21T15:20:19","modified_gmt":"2024-11-21T12:20:19","slug":"kurumsal","status":"publish","type":"page","link":"https:\/\/gurpanahsap.com\/index.php\/kurumsal\/","title":{"rendered":"Kurumsal"},"content":{"rendered":"\n<h1 style=\"text-align: center;\">B\u0130Z K\u0130M\u0130Z<\/h1>\n<p>Firmamiz baski tecrubesini musterilerinden gelen talepler ve gelisen teknoloji ile UV ve LED baski ve High Gloss Kaplama teknikleri ile gelistirerek 2014 yilinda bu kulvara giris yapmistir. Yaptgi ciddi yatirimlar ile 4000 m2 kapali alan 2000 m2 acik alanda hizmete girmistir.<\/p>\n<p>Mobilya, kapi, dekorasyon gibi bircok buyuk sektorde ciddi firmalara uretim yapmaktadir.<\/p>\n<p>Mustreri odakli, hizli ve kaliteli uretimi prensip edinmis firmamiz gerek yurtici gerekce ihracat yaparak bu konudaki kalitesini kanitlamis olmanin gururunu yasamaktadir<\/p>\n\t<div id=\"gap-444702707\" class=\"gap-element clearfix\" style=\"display:block; height:auto;\">\n\t\t\n<style>\n#gap-444702707 {\n  padding-top: 10px;\n}\n<\/style>\n\t<\/div>\n\t\n\n<div class=\"row\"  id=\"row-1536574105\">\n\n\n\t<div id=\"col-2071187173\" class=\"col medium-4 small-12 large-4\"  >\n\t\t\t\t<div class=\"col-inner\"  >\n\t\t\t\n\t\t\t\n\n\t<div class=\"img has-hover x md-x lg-x y md-y lg-y\" id=\"image_494061080\">\n\t\t\t\t\t\t\t\t<div class=\"img-inner dark\" >\n\t\t\t<img loading=\"lazy\" decoding=\"async\" width=\"1020\" height=\"765\" src=\"https:\/\/gurpanahsap.com\/wp-content\/uploads\/2024\/11\/WhatsApp-Image-2024-10-01-at-20.38.05-1024x768.jpeg\" class=\"attachment-large size-large\" alt=\"\" srcset=\"https:\/\/gurpanahsap.com\/wp-content\/uploads\/2024\/11\/WhatsApp-Image-2024-10-01-at-20.38.05-1024x768.jpeg 1024w, https:\/\/gurpanahsap.com\/wp-content\/uploads\/2024\/11\/WhatsApp-Image-2024-10-01-at-20.38.05-300x225.jpeg 300w, https:\/\/gurpanahsap.com\/wp-content\/uploads\/2024\/11\/WhatsApp-Image-2024-10-01-at-20.38.05-768x576.jpeg 768w, https:\/\/gurpanahsap.com\/wp-content\/uploads\/2024\/11\/WhatsApp-Image-2024-10-01-at-20.38.05.jpeg 1080w\" sizes=\"auto, (max-width: 1020px) 100vw, 1020px\" \/>\t\t\t\t\t\t\n\t\t\t\t\t<\/div>\n\t\t\t\t\t\t\t\t\n<style>\n#image_494061080 {\n  width: 100%;\n}\n<\/style>\n\t<\/div>\n\t\n\n\n\t\t<\/div>\n\t\t\t\t\t<\/div>\n\n\t\n\n\t<div id=\"col-1528066758\" class=\"col medium-4 small-12 large-4\"  >\n\t\t\t\t<div class=\"col-inner\"  >\n\t\t\t\n\t\t\t\n\n\t<div class=\"img has-hover x md-x lg-x y md-y lg-y\" id=\"image_876621993\">\n\t\t\t\t\t\t\t\t<div class=\"img-inner dark\" >\n\t\t\t<img loading=\"lazy\" decoding=\"async\" width=\"1020\" height=\"765\" src=\"https:\/\/gurpanahsap.com\/wp-content\/uploads\/2024\/11\/1727802262062-1024x768.jpg\" class=\"attachment-large size-large\" alt=\"\" srcset=\"https:\/\/gurpanahsap.com\/wp-content\/uploads\/2024\/11\/1727802262062-1024x768.jpg 1024w, https:\/\/gurpanahsap.com\/wp-content\/uploads\/2024\/11\/1727802262062-300x225.jpg 300w, https:\/\/gurpanahsap.com\/wp-content\/uploads\/2024\/11\/1727802262062-768x576.jpg 768w, https:\/\/gurpanahsap.com\/wp-content\/uploads\/2024\/11\/1727802262062-1536x1152.jpg 1536w, https:\/\/gurpanahsap.com\/wp-content\/uploads\/2024\/11\/1727802262062-2048x1536.jpg 2048w\" sizes=\"auto, (max-width: 1020px) 100vw, 1020px\" \/>\t\t\t\t\t\t\n\t\t\t\t\t<\/div>\n\t\t\t\t\t\t\t\t\n<style>\n#image_876621993 {\n  width: 100%;\n}\n<\/style>\n\t<\/div>\n\t\n\n\n\t\t<\/div>\n\t\t\t\t\t<\/div>\n\n\t\n\n\t<div id=\"col-615182697\" class=\"col medium-4 small-12 large-4\"  >\n\t\t\t\t<div class=\"col-inner\"  >\n\t\t\t\n\t\t\t\n\n\t<div class=\"img has-hover x md-x lg-x y md-y lg-y\" id=\"image_1662999091\">\n\t\t\t\t\t\t\t\t<div class=\"img-inner dark\" >\n\t\t\t<img loading=\"lazy\" decoding=\"async\" width=\"1020\" height=\"765\" src=\"https:\/\/gurpanahsap.com\/wp-content\/uploads\/2024\/11\/1727802572690-1024x768.jpg\" class=\"attachment-large size-large\" alt=\"\" srcset=\"https:\/\/gurpanahsap.com\/wp-content\/uploads\/2024\/11\/1727802572690-1024x768.jpg 1024w, https:\/\/gurpanahsap.com\/wp-content\/uploads\/2024\/11\/1727802572690-300x225.jpg 300w, https:\/\/gurpanahsap.com\/wp-content\/uploads\/2024\/11\/1727802572690-768x576.jpg 768w, https:\/\/gurpanahsap.com\/wp-content\/uploads\/2024\/11\/1727802572690-1536x1152.jpg 1536w, https:\/\/gurpanahsap.com\/wp-content\/uploads\/2024\/11\/1727802572690-2048x1536.jpg 2048w\" sizes=\"auto, (max-width: 1020px) 100vw, 1020px\" \/>\t\t\t\t\t\t\n\t\t\t\t\t<\/div>\n\t\t\t\t\t\t\t\t\n<style>\n#image_1662999091 {\n  width: 100%;\n}\n<\/style>\n\t<\/div>\n\t\n\n\n\t\t<\/div>\n\t\t\t\t\t<\/div>\n\n\t\n\n<\/div>\n\n","protected":false},"excerpt":{"rendered":"","protected":false},"author":1,"featured_media":0,"parent":0,"menu_order":0,"comment_status":"closed","ping_status":"closed","template":"","meta":{"footnotes":""},"class_list":["post-10","page","type-page","status-publish","hentry"],"_links":{"self":[{"href":"https:\/\/gurpanahsap.com\/index.php\/wp-json\/wp\/v2\/pages\/10","targetHints":{"allow":["GET"]}}],"collection":[{"href":"https:\/\/gurpanahsap.com\/index.php\/wp-json\/wp\/v2\/pages"}],"about":[{"href":"https:\/\/gurpanahsap.com\/index.php\/wp-json\/wp\/v2\/types\/page"}],"author":[{"embeddable":true,"href":"https:\/\/gurpanahsap.com\/index.php\/wp-json\/wp\/v2\/users\/1"}],"replies":[{"embeddable":true,"href":"https:\/\/gurpanahsap.com\/index.php\/wp-json\/wp\/v2\/comments?post=10"}],"version-history":[{"count":10,"href":"https:\/\/gurpanahsap.com\/index.php\/wp-json\/wp\/v2\/pages\/10\/revisions"}],"predecessor-version":[{"id":306,"href":"https:\/\/gurpanahsap.com\/index.php\/wp-json\/wp\/v2\/pages\/10\/revisions\/306"}],"wp:attachment":[{"href":"https:\/\/gurpanahsap.com\/index.php\/wp-json\/wp\/v2\/media?parent=10"}],"curies":[{"name":"wp","href":"https:\/\/api.w.org\/{rel}","templated":true}]}}